{"id":178,"date":"2018-02-06T15:36:16","date_gmt":"2018-02-06T14:36:16","guid":{"rendered":"http:\/\/cie-opossum.yn.fr\/?page_id=178"},"modified":"2023-06-20T11:05:09","modified_gmt":"2023-06-20T09:05:09","slug":"la-compagnie","status":"publish","type":"page","link":"https:\/\/opossum-compagnie.fr\/index.php\/la-compagnie\/","title":{"rendered":"LA COMPAGNIE"},"content":{"rendered":"<p>La compagnie \u00d4 Possum se veut proche de l\u2019artisanat, dans une dynamique de d\u00e9croissance, d\u2019invention de nouveaux liens, de nouvelles m\u00e9thodes de travail et de collaboration. Nous arrivons \u00e0 faire vivre, gr\u00e2ce \u00e0 nos cr\u00e9ations, tourn\u00e9es et actions artistiques 2,5 intermittent.e.s.<br \/><br \/><\/p>\n<p style=\"text-align: center;\"><strong>\u00d4 Possum &#8211; \u00d4 Je Peux, <\/strong>en latin, symbolise pour nous<\/p>\n<ul>\n<li>\u00a0l&#8217;affirmation qu&#8217;oser faire un pas cr\u00e9atif est essentiel pour cheminer joyeusement et la certitude que nous avons tous ce potentiel.<\/li>\n<li>Nous y mettons aussi l&#8217;\u00e9motion que procure le geste cr\u00e9atif et nous voulons citer Ren\u00e9 CHAR qui \u00e9crit que &#8220;seul est \u00e9mouvant l&#8217;or\u00e9e de la connaissance &#8220;, ce moment pr\u00e9cis o\u00f9 la conscience nous surprend parce que nous nous sommes mis en mouvement.<\/li>\n<li><span style=\"font-size: 16px;\">\u00d4 Possum rappelle aussi l&#8217;animal qui aime bien se suspendre par la queue la t\u00eate en bas, et ainsi prendre le temps de voir le monde sous un autre point de vue&#8230;<\/span><\/li>\n<li>il faut imaginer un clown, d&#8217;un temps incertain, dire &#8220;\u00d4 Possum&#8221; apr\u00e8s avoir finalement r\u00e9ussi son num\u00e9ro<\/li>\n<\/ul>\n<p><strong>Son objet :\u00a0<\/strong> la libert\u00e9 de cr\u00e9ation multiforme avec comme base le th\u00e9\u00e2tre, allant de la marionnette au masque et \u00e0 la musique.<\/p>\n<p><strong>Son ambition :\u00a0<\/strong> s&#8217;inscrire dans la mouvance d&#8217;un th\u00e9\u00e2tre populaire inspir\u00e9 par Firmin G\u00e9mier, Maurice Pottecher et Jean Vilar, en jouant aussi bien dans les th\u00e9\u00e2tres que dans la rue, ou des tiers lieux afin de rencontrer un public toujours plus divers et color\u00e9s.<\/p>\n\n\n<figure class=\"wp-block-image\"><img loading=\"lazy\" decoding=\"async\" width=\"1024\" height=\"773\" src=\"http:\/\/opossum-compagnie.fr\/wp-content\/uploads\/2019\/02\/\u00f4-possum-logo-final-1024x773.jpg\" alt=\"\" class=\"wp-image-666\" srcset=\"https:\/\/opossum-compagnie.fr\/wp-content\/uploads\/2019\/02\/\u00f4-possum-logo-final-1024x773.jpg 1024w, https:\/\/opossum-compagnie.fr\/wp-content\/uploads\/2019\/02\/\u00f4-possum-logo-final-300x226.jpg 300w, https:\/\/opossum-compagnie.fr\/wp-content\/uploads\/2019\/02\/\u00f4-possum-logo-final-768x580.jpg 768w, https:\/\/opossum-compagnie.fr\/wp-content\/uploads\/2019\/02\/\u00f4-possum-logo-final.jpg 1378w\" sizes=\"(max-width: 767px) 89vw, (max-width: 1000px) 54vw, (max-width: 1071px) 543px, 580px\" \/><\/figure>\n","protected":false},"excerpt":{"rendered":"<p>La compagnie \u00d4 Possum se veut proche de l\u2019artisanat, dans une dynamique de d\u00e9croissance, d\u2019invention de nouveaux liens, de nouvelles m\u00e9thodes de travail et de collaboration. Nous arrivons \u00e0 faire vivre, gr\u00e2ce \u00e0 nos cr\u00e9ations, tourn\u00e9es et actions artistiques 2,5 intermittent.e.s. \u00d4 Possum &#8211; \u00d4 Je Peux, en latin, symbolise pour nous \u00a0l&#8217;affirmation qu&#8217;oser faire &hellip; <\/p>\n<p class=\"link-more\"><a href=\"https:\/\/opossum-compagnie.fr\/index.php\/la-compagnie\/\" class=\"more-link\">Continue reading<span class=\"screen-reader-text\"> &#8220;LA COMPAGNIE&#8221;<\/span><\/a><\/p>\n","protected":false},"author":1,"featured_media":639,"parent":0,"menu_order":0,"comment_status":"closed","ping_status":"closed","template":"","meta":{"footnotes":""},"_links":{"self":[{"href":"https:\/\/opossum-compagnie.fr\/index.php\/wp-json\/wp\/v2\/pages\/178"}],"collection":[{"href":"https:\/\/opossum-compagnie.fr\/index.php\/wp-json\/wp\/v2\/pages"}],"about":[{"href":"https:\/\/opossum-compagnie.fr\/index.php\/wp-json\/wp\/v2\/types\/page"}],"author":[{"embeddable":true,"href":"https:\/\/opossum-compagnie.fr\/index.php\/wp-json\/wp\/v2\/users\/1"}],"replies":[{"embeddable":true,"href":"https:\/\/opossum-compagnie.fr\/index.php\/wp-json\/wp\/v2\/comments?post=178"}],"version-history":[{"count":14,"href":"https:\/\/opossum-compagnie.fr\/index.php\/wp-json\/wp\/v2\/pages\/178\/revisions"}],"predecessor-version":[{"id":977,"href":"https:\/\/opossum-compagnie.fr\/index.php\/wp-json\/wp\/v2\/pages\/178\/revisions\/977"}],"wp:featuredmedia":[{"embeddable":true,"href":"https:\/\/opossum-compagnie.fr\/index.php\/wp-json\/wp\/v2\/media\/639"}],"wp:attachment":[{"href":"https:\/\/opossum-compagnie.fr\/index.php\/wp-json\/wp\/v2\/media?parent=178"}],"curies":[{"name":"wp","href":"https:\/\/api.w.org\/{rel}","templated":true}]}}