{"id":173,"date":"2018-02-06T15:27:28","date_gmt":"2018-02-06T14:27:28","guid":{"rendered":"http:\/\/cie-opossum.yn.fr\/?page_id=173"},"modified":"2021-10-26T17:43:00","modified_gmt":"2021-10-26T15:43:00","slug":"accueil","status":"publish","type":"page","link":"https:\/\/opossum-compagnie.fr\/index.php\/accueil\/","title":{"rendered":"\u00d4 Possum Cie"},"content":{"rendered":"<h2 style=\"text-align: center;\">Compagnie de Th\u00e9\u00e2tre multiforme<\/h2>\n<p style=\"text-align: center;\">Th\u00e9\u00e2tre &nbsp;&#8211; musique &#8211; masques &#8211; marionnettes &#8211; \u00e9critures contemporaines<\/p>\n\n\n<figure class=\"wp-block-image\"><img loading=\"lazy\" decoding=\"async\" width=\"1024\" height=\"773\" src=\"http:\/\/opossum-compagnie.fr\/wp-content\/uploads\/2019\/02\/\u00f4-possum-logo-finalbleu-1024x773.jpg\" alt=\"\" class=\"wp-image-669\" srcset=\"https:\/\/opossum-compagnie.fr\/wp-content\/uploads\/2019\/02\/\u00f4-possum-logo-finalbleu-1024x773.jpg 1024w, https:\/\/opossum-compagnie.fr\/wp-content\/uploads\/2019\/02\/\u00f4-possum-logo-finalbleu-300x226.jpg 300w, https:\/\/opossum-compagnie.fr\/wp-content\/uploads\/2019\/02\/\u00f4-possum-logo-finalbleu-768x580.jpg 768w, https:\/\/opossum-compagnie.fr\/wp-content\/uploads\/2019\/02\/\u00f4-possum-logo-finalbleu.jpg 1378w\" sizes=\"(max-width: 767px) 89vw, (max-width: 1000px) 54vw, (max-width: 1071px) 543px, 580px\" \/><figcaption><strong>\u00d4 Possum Compagnie<br>0672783820<br>opossum.compagnie@gmail.com<\/strong><br><br><a href=\"https:\/\/www.viamichelin.fr\/web\/Cartes-plans?address=Bardassac%2C%2009130%20Pailh\u00e8s%2C%20France\">Badassac 09130 Pailh\u00e8s<br>Ari\u00e8ge &#8211; FRANCE<\/a><\/figcaption><\/figure>\n\n\n\n<p class=\"has-text-align-center has-small-font-size\"><em>^<\/em><\/p>\n","protected":false},"excerpt":{"rendered":"<p>Compagnie de Th\u00e9\u00e2tre multiforme Th\u00e9\u00e2tre &nbsp;&#8211; musique &#8211; masques &#8211; marionnettes &#8211; \u00e9critures contemporaines ^<\/p>\n","protected":false},"author":1,"featured_media":0,"parent":0,"menu_order":0,"comment_status":"closed","ping_status":"closed","template":"template-fullwidth.php","meta":{"footnotes":""},"_links":{"self":[{"href":"https:\/\/opossum-compagnie.fr\/index.php\/wp-json\/wp\/v2\/pages\/173"}],"collection":[{"href":"https:\/\/opossum-compagnie.fr\/index.php\/wp-json\/wp\/v2\/pages"}],"about":[{"href":"https:\/\/opossum-compagnie.fr\/index.php\/wp-json\/wp\/v2\/types\/page"}],"author":[{"embeddable":true,"href":"https:\/\/opossum-compagnie.fr\/index.php\/wp-json\/wp\/v2\/users\/1"}],"replies":[{"embeddable":true,"href":"https:\/\/opossum-compagnie.fr\/index.php\/wp-json\/wp\/v2\/comments?post=173"}],"version-history":[{"count":10,"href":"https:\/\/opossum-compagnie.fr\/index.php\/wp-json\/wp\/v2\/pages\/173\/revisions"}],"predecessor-version":[{"id":872,"href":"https:\/\/opossum-compagnie.fr\/index.php\/wp-json\/wp\/v2\/pages\/173\/revisions\/872"}],"wp:attachment":[{"href":"https:\/\/opossum-compagnie.fr\/index.php\/wp-json\/wp\/v2\/media?parent=173"}],"curies":[{"name":"wp","href":"https:\/\/api.w.org\/{rel}","templated":true}]}}