{"id":1098,"date":"2025-08-13T12:36:14","date_gmt":"2025-08-13T10:36:14","guid":{"rendered":"https:\/\/opossum-compagnie.fr\/?page_id=1098"},"modified":"2025-09-26T10:37:05","modified_gmt":"2025-09-26T08:37:05","slug":"caravane-koxka","status":"publish","type":"page","link":"https:\/\/opossum-compagnie.fr\/index.php\/caravane-koxka\/","title":{"rendered":"CARAVANE KOXKA"},"content":{"rendered":"\n<p>La caravane Koxka est une association de 3 compagnies , d&#8217;une Cheffe&#8221;Mange avant que la vie ne te d\u00e9vore&#8221; et d&#8217;une Barmaid po\u00e9tesse &#8220;le Youpi Coeur Bar&#8221; qui ont eu l&#8217;envie de tenter l&#8217;exp\u00e9rience d&#8217;un th\u00e9\u00e2tre itin\u00e9rant.<\/p>\n\n\n\n<p><a href=\"https:\/\/tetesdemules.com\">T\u00eate de Mules<\/a><\/p>\n\n\n\n<p><a href=\"https:\/\/cieterreaterre.wixsite.com\/cirque\">Terre \u00e0 terre<\/a><\/p>\n\n\n\n<p>et<a href=\"https:\/\/opossum-compagnie.fr\"> \u00d4 possum cie<\/a><\/p>\n\n\n\n<figure class=\"wp-block-gallery has-nested-images columns-default is-cropped wp-block-gallery-1 is-layout-flex wp-block-gallery-is-layout-flex\">\n<figure class=\"wp-block-image size-large\"><img loading=\"lazy\" decoding=\"async\" width=\"726\" height=\"1024\" data-id=\"1116\" src=\"https:\/\/opossum-compagnie.fr\/wp-content\/uploads\/2025\/09\/flyer-Pau-recto-726x1024.jpg\" alt=\"\" class=\"wp-image-1116\" srcset=\"https:\/\/opossum-compagnie.fr\/wp-content\/uploads\/2025\/09\/flyer-Pau-recto-726x1024.jpg 726w, https:\/\/opossum-compagnie.fr\/wp-content\/uploads\/2025\/09\/flyer-Pau-recto-213x300.jpg 213w, https:\/\/opossum-compagnie.fr\/wp-content\/uploads\/2025\/09\/flyer-Pau-recto-768x1083.jpg 768w, https:\/\/opossum-compagnie.fr\/wp-content\/uploads\/2025\/09\/flyer-Pau-recto-1090x1536.jpg 1090w, https:\/\/opossum-compagnie.fr\/wp-content\/uploads\/2025\/09\/flyer-Pau-recto.jpg 1240w\" sizes=\"(max-width: 726px) 100vw, 726px\" \/><\/figure>\n\n\n\n<figure class=\"wp-block-image size-large\"><img loading=\"lazy\" decoding=\"async\" width=\"724\" height=\"1024\" data-id=\"1117\" src=\"https:\/\/opossum-compagnie.fr\/wp-content\/uploads\/2025\/09\/flyer-PAu-verso-724x1024.jpg\" alt=\"\" class=\"wp-image-1117\" srcset=\"https:\/\/opossum-compagnie.fr\/wp-content\/uploads\/2025\/09\/flyer-PAu-verso-724x1024.jpg 724w, https:\/\/opossum-compagnie.fr\/wp-content\/uploads\/2025\/09\/flyer-PAu-verso-212x300.jpg 212w, https:\/\/opossum-compagnie.fr\/wp-content\/uploads\/2025\/09\/flyer-PAu-verso-768x1086.jpg 768w, https:\/\/opossum-compagnie.fr\/wp-content\/uploads\/2025\/09\/flyer-PAu-verso-1086x1536.jpg 1086w, https:\/\/opossum-compagnie.fr\/wp-content\/uploads\/2025\/09\/flyer-PAu-verso.jpg 1236w\" sizes=\"(max-width: 724px) 100vw, 724px\" \/><\/figure>\n<\/figure>\n\n\n\n<figure class=\"wp-block-gallery has-nested-images columns-default is-cropped wp-block-gallery-2 is-layout-flex wp-block-gallery-is-layout-flex\">\n<figure class=\"wp-block-image size-large\"><img loading=\"lazy\" decoding=\"async\" width=\"1024\" height=\"724\" data-id=\"1099\" src=\"https:\/\/opossum-compagnie.fr\/wp-content\/uploads\/2025\/08\/koxka-mirepoix-1024x724.jpg\" alt=\"\" class=\"wp-image-1099\" srcset=\"https:\/\/opossum-compagnie.fr\/wp-content\/uploads\/2025\/08\/koxka-mirepoix-1024x724.jpg 1024w, https:\/\/opossum-compagnie.fr\/wp-content\/uploads\/2025\/08\/koxka-mirepoix-300x212.jpg 300w, https:\/\/opossum-compagnie.fr\/wp-content\/uploads\/2025\/08\/koxka-mirepoix-768x543.jpg 768w, https:\/\/opossum-compagnie.fr\/wp-content\/uploads\/2025\/08\/koxka-mirepoix-1536x1086.jpg 1536w, https:\/\/opossum-compagnie.fr\/wp-content\/uploads\/2025\/08\/koxka-mirepoix-2048x1448.jpg 2048w\" sizes=\"(max-width: 767px) 89vw, (max-width: 1000px) 54vw, (max-width: 1071px) 543px, 580px\" \/><\/figure>\n<\/figure>\n\n\n\n<figure class=\"wp-block-gallery has-nested-images columns-default is-cropped wp-block-gallery-3 is-layout-flex wp-block-gallery-is-layout-flex\">\n<figure class=\"wp-block-image size-large\"><img loading=\"lazy\" decoding=\"async\" width=\"1024\" height=\"722\" data-id=\"1100\" src=\"https:\/\/opossum-compagnie.fr\/wp-content\/uploads\/2025\/08\/karavane_koxkaVERSO-1024x722.jpg\" alt=\"\" class=\"wp-image-1100\" srcset=\"https:\/\/opossum-compagnie.fr\/wp-content\/uploads\/2025\/08\/karavane_koxkaVERSO-1024x722.jpg 1024w, https:\/\/opossum-compagnie.fr\/wp-content\/uploads\/2025\/08\/karavane_koxkaVERSO-300x211.jpg 300w, https:\/\/opossum-compagnie.fr\/wp-content\/uploads\/2025\/08\/karavane_koxkaVERSO-768x541.jpg 768w, https:\/\/opossum-compagnie.fr\/wp-content\/uploads\/2025\/08\/karavane_koxkaVERSO.jpg 1270w\" sizes=\"(max-width: 767px) 89vw, (max-width: 1000px) 54vw, (max-width: 1071px) 543px, 580px\" \/><\/figure>\n<\/figure>\n","protected":false},"excerpt":{"rendered":"<p>La caravane Koxka est une association de 3 compagnies , d&#8217;une Cheffe&#8221;Mange avant que la vie ne te d\u00e9vore&#8221; et d&#8217;une Barmaid po\u00e9tesse &#8220;le Youpi Coeur Bar&#8221; qui ont eu l&#8217;envie de tenter l&#8217;exp\u00e9rience d&#8217;un th\u00e9\u00e2tre itin\u00e9rant. T\u00eate de Mules Terre \u00e0 terre et \u00d4 possum cie<\/p>\n","protected":false},"author":1,"featured_media":1099,"parent":0,"menu_order":0,"comment_status":"closed","ping_status":"closed","template":"","meta":{"footnotes":""},"_links":{"self":[{"href":"https:\/\/opossum-compagnie.fr\/index.php\/wp-json\/wp\/v2\/pages\/1098"}],"collection":[{"href":"https:\/\/opossum-compagnie.fr\/index.php\/wp-json\/wp\/v2\/pages"}],"about":[{"href":"https:\/\/opossum-compagnie.fr\/index.php\/wp-json\/wp\/v2\/types\/page"}],"author":[{"embeddable":true,"href":"https:\/\/opossum-compagnie.fr\/index.php\/wp-json\/wp\/v2\/users\/1"}],"replies":[{"embeddable":true,"href":"https:\/\/opossum-compagnie.fr\/index.php\/wp-json\/wp\/v2\/comments?post=1098"}],"version-history":[{"count":5,"href":"https:\/\/opossum-compagnie.fr\/index.php\/wp-json\/wp\/v2\/pages\/1098\/revisions"}],"predecessor-version":[{"id":1121,"href":"https:\/\/opossum-compagnie.fr\/index.php\/wp-json\/wp\/v2\/pages\/1098\/revisions\/1121"}],"wp:featuredmedia":[{"embeddable":true,"href":"https:\/\/opossum-compagnie.fr\/index.php\/wp-json\/wp\/v2\/media\/1099"}],"wp:attachment":[{"href":"https:\/\/opossum-compagnie.fr\/index.php\/wp-json\/wp\/v2\/media?parent=1098"}],"curies":[{"name":"wp","href":"https:\/\/api.w.org\/{rel}","templated":true}]}}